{"id":494,"date":"2024-09-20T19:40:41","date_gmt":"2024-09-20T19:40:41","guid":{"rendered":"http:\/\/uv021331.cph42.allytech.com\/?page_id=494"},"modified":"2025-02-14T21:31:52","modified_gmt":"2025-02-14T21:31:52","slug":"docencia","status":"publish","type":"page","link":"https:\/\/juliamasvernat.com.ar\/en\/docencia\/","title":{"rendered":"Docencia"},"content":{"rendered":"<div data-elementor-type=\"wp-page\" data-elementor-id=\"494\" class=\"elementor elementor-494\">\n\t\t\t\t<div class=\"elementor-element elementor-element-3f31165 e-flex e-con-boxed e-con e-parent\" data-id=\"3f31165\" data-element_type=\"container\">\n\t\t\t\t\t<div class=\"e-con-inner\">\n\t\t<div class=\"elementor-element elementor-element-6d58def e-con-full caja-izquierda1100 e-flex e-con e-child\" data-id=\"6d58def\" data-element_type=\"container\">\n\t\t\t\t<div class=\"elementor-element elementor-element-526520d elementor-widget elementor-widget-heading\" data-id=\"526520d\" data-element_type=\"widget\" data-widget_type=\"heading.default\">\n\t\t\t\t<div class=\"elementor-widget-container\">\n\t\t\t<h1 class=\"elementor-heading-title elementor-size-default\">Docencia 2024-2025<\/h1>\t\t<\/div>\n\t\t\t\t<\/div>\n\t\t\t\t<div class=\"elementor-element elementor-element-3f48bb3 elementor-widget elementor-widget-heading\" data-id=\"3f48bb3\" data-element_type=\"widget\" data-widget_type=\"heading.default\">\n\t\t\t\t<div class=\"elementor-widget-container\">\n\t\t\t<h2 class=\"elementor-heading-title elementor-size-default\">Ilustraci\u00f3n Editorial \u2013 C\u00e1tedra Rold\u00e1n<\/h2>\t\t<\/div>\n\t\t\t\t<\/div>\n\t\t\t\t<div class=\"elementor-element elementor-element-a98bdcd elementor-widget elementor-widget-text-editor\" data-id=\"a98bdcd\" data-element_type=\"widget\" data-widget_type=\"text-editor.default\">\n\t\t\t\t<div class=\"elementor-widget-container\">\n\t\t\t\t\t\t\t<p>Carrera de Dise\u00f1o gr\u00e1fico FADU-UBA<br \/><span style=\"text-decoration: underline;\"><a href=\"https:\/\/ilustracionroldan.com\/\" target=\"_blank\" rel=\"noopener\">https:\/\/ilustracionroldan.com\/<\/a><\/span><br \/><span style=\"text-decoration: underline;\"><a href=\"https:\/\/www.instagram.com\/ilustracionroldan\/\" target=\"_blank\" rel=\"noopener\">https:\/\/www.instagram.com\/ilustracionroldan\/<\/a><\/span><\/p>\t\t\t\t\t\t<\/div>\n\t\t\t\t<\/div>\n\t\t\t\t<div class=\"elementor-element elementor-element-5b36854 elementor-widget elementor-widget-heading\" data-id=\"5b36854\" data-element_type=\"widget\" data-widget_type=\"heading.default\">\n\t\t\t\t<div class=\"elementor-widget-container\">\n\t\t\t<h2 class=\"elementor-heading-title elementor-size-default\">Marea Alta<\/h2>\t\t<\/div>\n\t\t\t\t<\/div>\n\t\t\t\t<div class=\"elementor-element elementor-element-79d701e elementor-widget elementor-widget-text-editor\" data-id=\"79d701e\" data-element_type=\"widget\" data-widget_type=\"text-editor.default\">\n\t\t\t\t<div class=\"elementor-widget-container\">\n\t\t\t\t\t\t\t<p>Taller de Artes Visuales con Julia Masvernat<br \/><em>Acci\u00f3n y pensamiento en conversaci\u00f3n<\/em>.<br \/>Lunes de 18 a 20.30 hs. Y Jueves de 10 a 12.30 hs<br \/><strong>Taller\u00a0anual<\/strong><\/p><p>La propuesta consiste tanto en <strong>acompa\u00f1ar y\u00a0fortalecer<\/strong> los procesos que cada unx viene desarrollando, mediante ejercicios, como tambi\u00e9n\u00a0<strong>iniciar<\/strong>\u00a0nuevas b\u00fasquedas.<br \/><strong>Entrenar,\u00a0elongar,\u00a0destrabar<\/strong>\u00a0para dejar aparecer ideas y proyectos.<br \/><strong>Encontrar<\/strong>\u00a0las\u00a0<strong>preguntas<\/strong>\u00a0para la\u00a0<strong>investigaci\u00f3n<\/strong>\u00a0que cada unx quiera emprender.<br \/>Conocer\u00a0<strong>artistas\u00a0y\u00a0proyectos<\/strong>\u00a0afines.<br \/><strong>Leer<\/strong>\u00a0y\u00a0<strong>escribir<\/strong>\u00a0acerca de lo que hacemos. \u00a0<\/p>\t\t\t\t\t\t<\/div>\n\t\t\t\t<\/div>\n\t\t\t\t<div class=\"elementor-element elementor-element-75b7594 elementor-widget elementor-widget-heading\" data-id=\"75b7594\" data-element_type=\"widget\" data-widget_type=\"heading.default\">\n\t\t\t\t<div class=\"elementor-widget-container\">\n\t\t\t<h2 class=\"elementor-heading-title elementor-size-default\">Proyecto P\u00farpura<\/h2>\t\t<\/div>\n\t\t\t\t<\/div>\n\t\t\t\t<div class=\"elementor-element elementor-element-5c59098 elementor-widget elementor-widget-text-editor\" data-id=\"5c59098\" data-element_type=\"widget\" data-widget_type=\"text-editor.default\">\n\t\t\t\t<div class=\"elementor-widget-container\">\n\t\t\t\t\t\t\t<p>Docente a en Cl\u00ednica de proyectos dentro del Proyecto P\u00farpura (2024). Programa de Formaci\u00f3n en Artes Visuales.<br \/><span style=\"text-decoration: underline;\"><a href=\"https:\/\/www.instagram.com\/purpuraproyecto_\" target=\"_blank\" rel=\"noopener\">https:\/\/www.instagram.com\/purpuraproyecto_<\/a><\/span><\/p>\t\t\t\t\t\t<\/div>\n\t\t\t\t<\/div>\n\t\t\t\t<div class=\"elementor-element elementor-element-924100c elementor-widget elementor-widget-heading\" data-id=\"924100c\" data-element_type=\"widget\" data-widget_type=\"heading.default\">\n\t\t\t\t<div class=\"elementor-widget-container\">\n\t\t\t<h2 class=\"elementor-heading-title elementor-size-default\">Laboratorio Leila Tschopp<\/h2>\t\t<\/div>\n\t\t\t\t<\/div>\n\t\t\t\t<div class=\"elementor-element elementor-element-51c5b2e elementor-widget elementor-widget-text-editor\" data-id=\"51c5b2e\" data-element_type=\"widget\" data-widget_type=\"text-editor.default\">\n\t\t\t\t<div class=\"elementor-widget-container\">\n\t\t\t\t\t\t\t<p>Docente invitada en el Laboratorio en Artes Visuales de leila <br \/>Tschopp 2024.<br \/><span style=\"text-decoration: underline;\"><a href=\"https:\/\/www.instagram.com\/laboratorioleilatschopp\/\" target=\"_blank\" rel=\"noopener\">https:\/\/www.instagram.com\/laboratorioleilatschopp\/<\/a><\/span><\/p>\t\t\t\t\t\t<\/div>\n\t\t\t\t<\/div>\n\t\t\t\t<\/div>\n\t\t<div class=\"elementor-element elementor-element-555ce00 e-con-full e-flex e-con e-child\" data-id=\"555ce00\" data-element_type=\"container\">\n\t\t\t\t<div class=\"elementor-element elementor-element-2769eff elementor-hidden-tablet elementor-hidden-mobile elementor-widget elementor-widget-image\" data-id=\"2769eff\" data-element_type=\"widget\" data-widget_type=\"image.default\">\n\t\t\t\t<div class=\"elementor-widget-container\">\n\t\t\t\t\t\t\t\t\t\t\t\t\t<img fetchpriority=\"high\" decoding=\"async\" width=\"732\" height=\"821\" src=\"https:\/\/juliamasvernat.com.ar\/wp-content\/uploads\/2024\/09\/piedras-contacto.webp\" class=\"attachment-full size-full wp-image-419\" alt=\"\" srcset=\"https:\/\/juliamasvernat.com.ar\/wp-content\/uploads\/2024\/09\/piedras-contacto.webp 732w, https:\/\/juliamasvernat.com.ar\/wp-content\/uploads\/2024\/09\/piedras-contacto-267x300.webp 267w, https:\/\/juliamasvernat.com.ar\/wp-content\/uploads\/2024\/09\/piedras-contacto-11x12.webp 11w\" sizes=\"(max-width: 732px) 100vw, 732px\" \/>\t\t\t\t\t\t\t\t\t\t\t\t\t<\/div>\n\t\t\t\t<\/div>\n\t\t\t\t<\/div>\n\t\t\t\t\t<\/div>\n\t\t\t\t<\/div>\n\t\t\t\t<\/div>","protected":false},"excerpt":{"rendered":"<p>Ilustraci\u00f3n Editorial \u2013 C\u00e1tedra Rold\u00e1n, Marea Alta, Proyecto P\u00farpura y Laboratorio Leila Tschopp<\/p>","protected":false},"author":1,"featured_media":419,"parent":0,"menu_order":0,"comment_status":"closed","ping_status":"closed","template":"elementor_theme","meta":{"_acf_changed":false,"footnotes":"","_links_to":"","_links_to_target":""},"class_list":["post-494","page","type-page","status-publish","has-post-thumbnail","hentry"],"acf":[],"yoast_head":"<!-- This site is optimized with the Yoast SEO plugin v27.4 - https:\/\/yoast.com\/product\/yoast-seo-wordpress\/ -->\n<title>Docencia - Julia Masvernat<\/title>\n<meta name=\"description\" content=\"juliamasvernat@gmail.com - Galer\u00eda Pachi Prieto\" \/>\n<meta name=\"robots\" content=\"index, follow, max-snippet:-1, max-image-preview:large, max-video-preview:-1\" \/>\n<link rel=\"canonical\" href=\"https:\/\/juliamasvernat.com.ar\/en\/docencia\/\" \/>\n<meta property=\"og:locale\" content=\"en_US\" \/>\n<meta property=\"og:type\" content=\"article\" \/>\n<meta property=\"og:title\" content=\"Docencia - Julia Masvernat\" \/>\n<meta property=\"og:description\" content=\"juliamasvernat@gmail.com - Galer\u00eda Pachi Prieto\" \/>\n<meta property=\"og:url\" content=\"https:\/\/juliamasvernat.com.ar\/en\/docencia\/\" \/>\n<meta property=\"og:site_name\" content=\"Julia Masvernat\" \/>\n<meta property=\"article:modified_time\" content=\"2025-02-14T21:31:52+00:00\" \/>\n<meta property=\"og:image\" content=\"https:\/\/juliamasvernat.com.ar\/wp-content\/uploads\/2024\/09\/piedras-contacto.webp\" \/>\n\t<meta property=\"og:image:width\" content=\"732\" \/>\n\t<meta property=\"og:image:height\" content=\"821\" \/>\n\t<meta property=\"og:image:type\" content=\"image\/webp\" \/>\n<meta name=\"twitter:card\" content=\"summary_large_image\" \/>\n<meta name=\"twitter:label1\" content=\"Est. reading time\" \/>\n\t<meta name=\"twitter:data1\" content=\"1 minute\" \/>\n<script type=\"application\/ld+json\" class=\"yoast-schema-graph\">{\"@context\":\"https:\\\/\\\/schema.org\",\"@graph\":[{\"@type\":\"WebPage\",\"@id\":\"https:\\\/\\\/juliamasvernat.com.ar\\\/docencia\\\/\",\"url\":\"https:\\\/\\\/juliamasvernat.com.ar\\\/docencia\\\/\",\"name\":\"Docencia - Julia Masvernat\",\"isPartOf\":{\"@id\":\"https:\\\/\\\/juliamasvernat.com.ar\\\/#website\"},\"primaryImageOfPage\":{\"@id\":\"https:\\\/\\\/juliamasvernat.com.ar\\\/docencia\\\/#primaryimage\"},\"image\":{\"@id\":\"https:\\\/\\\/juliamasvernat.com.ar\\\/docencia\\\/#primaryimage\"},\"thumbnailUrl\":\"https:\\\/\\\/juliamasvernat.com.ar\\\/wp-content\\\/uploads\\\/2024\\\/09\\\/piedras-contacto.webp\",\"datePublished\":\"2024-09-20T19:40:41+00:00\",\"dateModified\":\"2025-02-14T21:31:52+00:00\",\"description\":\"juliamasvernat@gmail.com - Galer\u00eda Pachi Prieto\",\"breadcrumb\":{\"@id\":\"https:\\\/\\\/juliamasvernat.com.ar\\\/docencia\\\/#breadcrumb\"},\"inLanguage\":\"en-US\",\"potentialAction\":[{\"@type\":\"ReadAction\",\"target\":[\"https:\\\/\\\/juliamasvernat.com.ar\\\/docencia\\\/\"]}]},{\"@type\":\"ImageObject\",\"inLanguage\":\"en-US\",\"@id\":\"https:\\\/\\\/juliamasvernat.com.ar\\\/docencia\\\/#primaryimage\",\"url\":\"https:\\\/\\\/juliamasvernat.com.ar\\\/wp-content\\\/uploads\\\/2024\\\/09\\\/piedras-contacto.webp\",\"contentUrl\":\"https:\\\/\\\/juliamasvernat.com.ar\\\/wp-content\\\/uploads\\\/2024\\\/09\\\/piedras-contacto.webp\",\"width\":732,\"height\":821},{\"@type\":\"BreadcrumbList\",\"@id\":\"https:\\\/\\\/juliamasvernat.com.ar\\\/docencia\\\/#breadcrumb\",\"itemListElement\":[{\"@type\":\"ListItem\",\"position\":1,\"name\":\"Portada\",\"item\":\"https:\\\/\\\/juliamasvernat.com.ar\\\/\"},{\"@type\":\"ListItem\",\"position\":2,\"name\":\"Docencia\"}]},{\"@type\":\"WebSite\",\"@id\":\"https:\\\/\\\/juliamasvernat.com.ar\\\/#website\",\"url\":\"https:\\\/\\\/juliamasvernat.com.ar\\\/\",\"name\":\"Julia Masvernat\",\"description\":\"Artista visual y docente\",\"publisher\":{\"@id\":\"https:\\\/\\\/juliamasvernat.com.ar\\\/#organization\"},\"potentialAction\":[{\"@type\":\"SearchAction\",\"target\":{\"@type\":\"EntryPoint\",\"urlTemplate\":\"https:\\\/\\\/juliamasvernat.com.ar\\\/?s={search_term_string}\"},\"query-input\":{\"@type\":\"PropertyValueSpecification\",\"valueRequired\":true,\"valueName\":\"search_term_string\"}}],\"inLanguage\":\"en-US\"},{\"@type\":\"Organization\",\"@id\":\"https:\\\/\\\/juliamasvernat.com.ar\\\/#organization\",\"name\":\"Julia Masvernat\",\"url\":\"https:\\\/\\\/juliamasvernat.com.ar\\\/\",\"logo\":{\"@type\":\"ImageObject\",\"inLanguage\":\"en-US\",\"@id\":\"https:\\\/\\\/juliamasvernat.com.ar\\\/#\\\/schema\\\/logo\\\/image\\\/\",\"url\":\"https:\\\/\\\/juliamasvernat.com.ar\\\/wp-content\\\/uploads\\\/2024\\\/09\\\/logo-julia-masvernat.svg\",\"contentUrl\":\"https:\\\/\\\/juliamasvernat.com.ar\\\/wp-content\\\/uploads\\\/2024\\\/09\\\/logo-julia-masvernat.svg\",\"caption\":\"Julia Masvernat\"},\"image\":{\"@id\":\"https:\\\/\\\/juliamasvernat.com.ar\\\/#\\\/schema\\\/logo\\\/image\\\/\"}}]}<\/script>\n<!-- \/ Yoast SEO plugin. -->","yoast_head_json":{"title":"Docencia - Julia Masvernat","description":"juliamasvernat@gmail.com - Galer\u00eda Pachi Prieto","robots":{"index":"index","follow":"follow","max-snippet":"max-snippet:-1","max-image-preview":"max-image-preview:large","max-video-preview":"max-video-preview:-1"},"canonical":"https:\/\/juliamasvernat.com.ar\/en\/docencia\/","og_locale":"en_US","og_type":"article","og_title":"Docencia - Julia Masvernat","og_description":"juliamasvernat@gmail.com - Galer\u00eda Pachi Prieto","og_url":"https:\/\/juliamasvernat.com.ar\/en\/docencia\/","og_site_name":"Julia Masvernat","article_modified_time":"2025-02-14T21:31:52+00:00","og_image":[{"width":732,"height":821,"url":"https:\/\/juliamasvernat.com.ar\/wp-content\/uploads\/2024\/09\/piedras-contacto.webp","type":"image\/webp"}],"twitter_card":"summary_large_image","twitter_misc":{"Est. reading time":"1 minute"},"schema":{"@context":"https:\/\/schema.org","@graph":[{"@type":"WebPage","@id":"https:\/\/juliamasvernat.com.ar\/docencia\/","url":"https:\/\/juliamasvernat.com.ar\/docencia\/","name":"Docencia - Julia Masvernat","isPartOf":{"@id":"https:\/\/juliamasvernat.com.ar\/#website"},"primaryImageOfPage":{"@id":"https:\/\/juliamasvernat.com.ar\/docencia\/#primaryimage"},"image":{"@id":"https:\/\/juliamasvernat.com.ar\/docencia\/#primaryimage"},"thumbnailUrl":"https:\/\/juliamasvernat.com.ar\/wp-content\/uploads\/2024\/09\/piedras-contacto.webp","datePublished":"2024-09-20T19:40:41+00:00","dateModified":"2025-02-14T21:31:52+00:00","description":"juliamasvernat@gmail.com - Galer\u00eda Pachi Prieto","breadcrumb":{"@id":"https:\/\/juliamasvernat.com.ar\/docencia\/#breadcrumb"},"inLanguage":"en-US","potentialAction":[{"@type":"ReadAction","target":["https:\/\/juliamasvernat.com.ar\/docencia\/"]}]},{"@type":"ImageObject","inLanguage":"en-US","@id":"https:\/\/juliamasvernat.com.ar\/docencia\/#primaryimage","url":"https:\/\/juliamasvernat.com.ar\/wp-content\/uploads\/2024\/09\/piedras-contacto.webp","contentUrl":"https:\/\/juliamasvernat.com.ar\/wp-content\/uploads\/2024\/09\/piedras-contacto.webp","width":732,"height":821},{"@type":"BreadcrumbList","@id":"https:\/\/juliamasvernat.com.ar\/docencia\/#breadcrumb","itemListElement":[{"@type":"ListItem","position":1,"name":"Portada","item":"https:\/\/juliamasvernat.com.ar\/"},{"@type":"ListItem","position":2,"name":"Docencia"}]},{"@type":"WebSite","@id":"https:\/\/juliamasvernat.com.ar\/#website","url":"https:\/\/juliamasvernat.com.ar\/","name":"Julia Masvernat","description":"Artista visual y docente","publisher":{"@id":"https:\/\/juliamasvernat.com.ar\/#organization"},"potentialAction":[{"@type":"SearchAction","target":{"@type":"EntryPoint","urlTemplate":"https:\/\/juliamasvernat.com.ar\/?s={search_term_string}"},"query-input":{"@type":"PropertyValueSpecification","valueRequired":true,"valueName":"search_term_string"}}],"inLanguage":"en-US"},{"@type":"Organization","@id":"https:\/\/juliamasvernat.com.ar\/#organization","name":"Julia Masvernat","url":"https:\/\/juliamasvernat.com.ar\/","logo":{"@type":"ImageObject","inLanguage":"en-US","@id":"https:\/\/juliamasvernat.com.ar\/#\/schema\/logo\/image\/","url":"https:\/\/juliamasvernat.com.ar\/wp-content\/uploads\/2024\/09\/logo-julia-masvernat.svg","contentUrl":"https:\/\/juliamasvernat.com.ar\/wp-content\/uploads\/2024\/09\/logo-julia-masvernat.svg","caption":"Julia Masvernat"},"image":{"@id":"https:\/\/juliamasvernat.com.ar\/#\/schema\/logo\/image\/"}}]}},"_links":{"self":[{"href":"https:\/\/juliamasvernat.com.ar\/en\/wp-json\/wp\/v2\/pages\/494","targetHints":{"allow":["GET"]}}],"collection":[{"href":"https:\/\/juliamasvernat.com.ar\/en\/wp-json\/wp\/v2\/pages"}],"about":[{"href":"https:\/\/juliamasvernat.com.ar\/en\/wp-json\/wp\/v2\/types\/page"}],"author":[{"embeddable":true,"href":"https:\/\/juliamasvernat.com.ar\/en\/wp-json\/wp\/v2\/users\/1"}],"replies":[{"embeddable":true,"href":"https:\/\/juliamasvernat.com.ar\/en\/wp-json\/wp\/v2\/comments?post=494"}],"version-history":[{"count":25,"href":"https:\/\/juliamasvernat.com.ar\/en\/wp-json\/wp\/v2\/pages\/494\/revisions"}],"predecessor-version":[{"id":1790,"href":"https:\/\/juliamasvernat.com.ar\/en\/wp-json\/wp\/v2\/pages\/494\/revisions\/1790"}],"wp:featuredmedia":[{"embeddable":true,"href":"https:\/\/juliamasvernat.com.ar\/en\/wp-json\/wp\/v2\/media\/419"}],"wp:attachment":[{"href":"https:\/\/juliamasvernat.com.ar\/en\/wp-json\/wp\/v2\/media?parent=494"}],"curies":[{"name":"wp","href":"https:\/\/api.w.org\/{rel}","templated":true}]}}